{"id":5222,"date":"2025-11-25T19:21:25","date_gmt":"2025-11-25T18:21:25","guid":{"rendered":"https:\/\/roro.lynxtale.com\/club-activities\/"},"modified":"2025-12-04T00:58:55","modified_gmt":"2025-12-03T23:58:55","slug":"club-activities","status":"publish","type":"page","link":"https:\/\/xn--rr-fkab.nu\/en\/club-activities\/","title":{"rendered":"Club activities"},"content":{"rendered":"\n<div class=\"wp-block-roro-custom-feed has-turquose-background-color has-images wp-block-roro-custom-feed\" id=\"custom-feed-69f8c39c5c807\">\n\n    \n    <div class=\"feed grid items-start sm:grid-cols-2 lg:grid-cols-3 gap-4\">\n        \n<article id=\"post-5009\" class=\"grid gap-4 bg-white post-5009 verksamhet type-verksamhet status-publish has-post-thumbnail hentry category-association tag-wool tag-tova tag-silversmithing tag-art tag-craftsmanship tag-watercolour-painting tag-arts-crafts\">\n\t<header class=\"entry-header\">\n\t\t\t\t\t<div class=\"post-thumbnail relative\">\n\t\t\t\t\t\t\t\t\t<img decoding=\"async\" src=\"https:\/\/xn--rr-fkab.nu\/wp-content\/uploads\/2025\/09\/images.jpeg\">\n\t\t\t\t\t\t\t\t<ul class=\"tags flex flex-wrap justify-end max-w-full lg:max-w-2\/3 absolute right-0 bottom-0 gap-1 gap-y-2 p-2\"><li class=\"inline-flex bold text-xs\"><a href=\"https:\/\/xn--rr-fkab.nu\/en\/tag\/wool\/\" rel=\"tag\">Wool<\/a><\/li><li class=\"inline-flex bold text-xs\"><a href=\"https:\/\/xn--rr-fkab.nu\/en\/tag\/tova\/\" rel=\"tag\">Tova<\/a><\/li><li class=\"inline-flex bold text-xs\"><a href=\"https:\/\/xn--rr-fkab.nu\/en\/tag\/silversmithing\/\" rel=\"tag\">Silversmithing<\/a><\/li><li class=\"inline-flex bold text-xs\"><a href=\"https:\/\/xn--rr-fkab.nu\/en\/tag\/art\/\" rel=\"tag\">Art<\/a><\/li><li class=\"inline-flex bold text-xs\"><a href=\"https:\/\/xn--rr-fkab.nu\/en\/tag\/craftsmanship\/\" rel=\"tag\">Craftsmanship<\/a><\/li><li class=\"inline-flex bold text-xs\"><a href=\"https:\/\/xn--rr-fkab.nu\/en\/tag\/watercolour-painting\/\" rel=\"tag\">Watercolour painting<\/a><\/li><li class=\"inline-flex bold text-xs\"><a href=\"https:\/\/xn--rr-fkab.nu\/en\/tag\/arts-crafts\/\" rel=\"tag\">Arts &amp; Crafts<\/a><\/li><\/ul>\t\t\t\t\t<\/div>\n\n\t\t\t\t\t<h2 class=\"entry-title p-4 pb-0\">Nord\u00f6sl\u00f6jd<\/h2>\t<\/header><!-- .entry-header -->\n\n\t<div class=\"entry-content-wrap grid gap-4 px-4\">\n\t\t<p>Nord\u00f6sl\u00f6jd is an association of craftspeople, artists and designers from the North Islands and the surrounding northern islands. Together, we create a platform where local creativity can flourish \u2013 from textiles, ceramics and metalwork to painting, woodwork, jewellery and creative design projects. Our activities are based on community, commitment and a desire to promote the unique craftsmanship that is emerging here in the archipelago.  <\/p>\n\t\t<a href=\"https:\/\/xn--rr-fkab.nu\/en\/organisation\/nordoslojd\/\" class=\"btn mb-6 w-fit\" rel=\"bookmark\">more<\/a>\n\n\t\t\t<\/div><!-- .entry-content -->\n\t<!--<footer class=\"entry-footer px-4\">\n\t\t\t<\/footer><!-- .entry-footer -->\n<\/article><!-- #post-5009 -->\n\n<article id=\"post-4785\" class=\"grid gap-4 bg-white post-4785 verksamhet type-verksamhet status-publish has-post-thumbnail hentry category-community-functions category-association category-samhallsfunktioner tag-association tag-forening\">\n\t<header class=\"entry-header\">\n\t\t\t\t\t<div class=\"post-thumbnail relative\">\n\t\t\t\t\t\t\t\t\t<img decoding=\"async\" src=\"https:\/\/xn--rr-fkab.nu\/wp-content\/uploads\/2025\/09\/563AA619-7F0B-4CF4-8342-9C46F2A98B4E_1_105_c-768x576.jpeg\">\n\t\t\t\t\t\t\t\t<ul class=\"tags flex flex-wrap justify-end max-w-full lg:max-w-2\/3 absolute right-0 bottom-0 gap-1 gap-y-2 p-2\"><li class=\"inline-flex bold text-xs\"><a href=\"https:\/\/xn--rr-fkab.nu\/en\/tag\/association\/\" rel=\"tag\">Association<\/a><\/li><li class=\"inline-flex bold text-xs\"><a href=\"https:\/\/xn--rr-fkab.nu\/tag\/forening\/\" rel=\"tag\">F\u00f6rening<\/a><\/li><\/ul>\t\t\t\t\t<\/div>\n\n\t\t\t\t\t<h2 class=\"entry-title p-4 pb-0\">R\u00f6r\u00f6 F\u00f6rSamlingshem<\/h2>\t<\/header><!-- .entry-header -->\n\n\t<div class=\"entry-content-wrap grid gap-4 px-4\">\n\t\t<p>R\u00f6r\u00f6 F\u00f6rsamlingshem is a house for everyone. Old and young, islanders and visitors alike. A local meeting place and gathering spot where anything is possible. In the house, you can stay overnight in the hostel, borrow books from the library, listen to music, attend church services, rent a room for [&hellip;]<\/p>\n\t\t<a href=\"https:\/\/xn--rr-fkab.nu\/en\/organisation\/roro-forsamlingshem\/\" class=\"btn mb-6 w-fit\" rel=\"bookmark\">more<\/a>\n\n\t\t\t<\/div><!-- .entry-content -->\n\t<!--<footer class=\"entry-footer px-4\">\n\t\t\t<\/footer><!-- .entry-footer -->\n<\/article><!-- #post-4785 -->\n\n<article id=\"post-4909\" class=\"grid gap-4 bg-white post-4909 verksamhet type-verksamhet status-publish has-post-thumbnail hentry category-association tag-association\">\n\t<header class=\"entry-header\">\n\t\t\t\t\t<div class=\"post-thumbnail relative\">\n\t\t\t\t\t\t\t\t\t<img decoding=\"async\" src=\"https:\/\/xn--rr-fkab.nu\/wp-content\/uploads\/2025\/11\/DSCF1251-768x512.jpg\">\n\t\t\t\t\t\t\t\t<ul class=\"tags flex flex-wrap justify-end max-w-full lg:max-w-2\/3 absolute right-0 bottom-0 gap-1 gap-y-2 p-2\"><li class=\"inline-flex bold text-xs\"><a href=\"https:\/\/xn--rr-fkab.nu\/en\/tag\/association\/\" rel=\"tag\">Association<\/a><\/li><\/ul>\t\t\t\t\t<\/div>\n\n\t\t\t\t\t<h2 class=\"entry-title p-4 pb-0\">R\u00f6r\u00f6 \u00d6r\u00e5d<\/h2>\t<\/header><!-- .entry-header -->\n\n\t<div class=\"entry-content-wrap grid gap-4 px-4\">\n\t\t<p>\u00d6r\u00e5det p\u00e5 R\u00f6r\u00f6 is the island&#8217;s collective voice \u2013 a non-profit and democratic meeting place where residents can influence, discuss and collaborate on issues concerning society and the future. Through dialogue with the municipality, associations and islanders, \u00d6r\u00e5det works to strengthen the community and create good conditions for life on the island. <\/p>\n\t\t<a href=\"https:\/\/xn--rr-fkab.nu\/en\/organisation\/roro-orad\/\" class=\"btn mb-6 w-fit\" rel=\"bookmark\">more<\/a>\n\n\t\t\t<\/div><!-- .entry-content -->\n\t<!--<footer class=\"entry-footer px-4\">\n\t\t\t<\/footer><!-- .entry-footer -->\n<\/article><!-- #post-4909 -->\n\n<article id=\"post-4477\" class=\"grid gap-4 bg-white post-4477 verksamhet type-verksamhet status-publish has-post-thumbnail hentry category-association tag-association tag-forening tag-rental tag-training tag-camp-activities tag-sports-club tag-gym tag-outdoor-life tag-party-venue tag-child-friendly\">\n\t<header class=\"entry-header\">\n\t\t\t\t\t<div class=\"post-thumbnail relative\">\n\t\t\t\t\t\t\t\t\t<img decoding=\"async\" src=\"https:\/\/xn--rr-fkab.nu\/wp-content\/uploads\/2025\/08\/Skarmavbild-2025-11-11-kl.-23.19.14-768x788.png\">\n\t\t\t\t\t\t\t\t<ul class=\"tags flex flex-wrap justify-end max-w-full lg:max-w-2\/3 absolute right-0 bottom-0 gap-1 gap-y-2 p-2\"><li class=\"inline-flex bold text-xs\"><a href=\"https:\/\/xn--rr-fkab.nu\/en\/tag\/association\/\" rel=\"tag\">Association<\/a><\/li><li class=\"inline-flex bold text-xs\"><a href=\"https:\/\/xn--rr-fkab.nu\/tag\/forening\/\" rel=\"tag\">F\u00f6rening<\/a><\/li><li class=\"inline-flex bold text-xs\"><a href=\"https:\/\/xn--rr-fkab.nu\/en\/tag\/rental\/\" rel=\"tag\">Rental<\/a><\/li><li class=\"inline-flex bold text-xs\"><a href=\"https:\/\/xn--rr-fkab.nu\/en\/tag\/training\/\" rel=\"tag\">Training<\/a><\/li><li class=\"inline-flex bold text-xs\"><a href=\"https:\/\/xn--rr-fkab.nu\/en\/tag\/camp-activities\/\" rel=\"tag\">Camp activities<\/a><\/li><li class=\"inline-flex bold text-xs\"><a href=\"https:\/\/xn--rr-fkab.nu\/en\/tag\/sports-club\/\" rel=\"tag\">Sports club<\/a><\/li><li class=\"inline-flex bold text-xs\"><a href=\"https:\/\/xn--rr-fkab.nu\/en\/tag\/gym\/\" rel=\"tag\">Gym<\/a><\/li><li class=\"inline-flex bold text-xs\"><a href=\"https:\/\/xn--rr-fkab.nu\/en\/tag\/outdoor-life\/\" rel=\"tag\">Outdoor life<\/a><\/li><li class=\"inline-flex bold text-xs\"><a href=\"https:\/\/xn--rr-fkab.nu\/en\/tag\/party-venue\/\" rel=\"tag\">Party venue<\/a><\/li><li class=\"inline-flex bold text-xs\"><a href=\"https:\/\/xn--rr-fkab.nu\/en\/tag\/child-friendly\/\" rel=\"tag\">Child-friendly<\/a><\/li><\/ul>\t\t\t\t\t<\/div>\n\n\t\t\t\t\t<h2 class=\"entry-title p-4 pb-0\">R\u00f6r\u00f6 IF<\/h2>\t<\/header><!-- .entry-header -->\n\n\t<div class=\"entry-content-wrap grid gap-4 px-4\">\n\t\t<p>R\u00f6r\u00f6 IF is a gathering place for people of all ages who share a passion for sports, exercise in all its forms, and a close-knit community. Whether you are interested in football, boules, padel, orienteering, senior gymnastics, or any other activity, there is something for you at R\u00f6r\u00f6 IF. <\/p>\n\t\t<a href=\"https:\/\/xn--rr-fkab.nu\/en\/organisation\/roro-if\/\" class=\"btn mb-6 w-fit\" rel=\"bookmark\">more<\/a>\n\n\t\t\t<\/div><!-- .entry-content -->\n\t<!--<footer class=\"entry-footer px-4\">\n\t\t\t<\/footer><!-- .entry-footer -->\n<\/article><!-- #post-4477 -->\n    <\/div>\n<\/div>\n\n","protected":false},"excerpt":{"rendered":"<p>R\u00f6r\u00f6 has an active community life that binds the community on the island and contributes to a rich social life.<\/p>\n","protected":false},"author":1,"featured_media":6239,"parent":0,"menu_order":5,"comment_status":"closed","ping_status":"closed","template":"","meta":{"_acf_changed":false,"footnotes":""},"coauthors":[68],"class_list":["post-5222","page","type-page","status-publish","has-post-thumbnail","hentry"],"acf":[],"_links":{"self":[{"href":"https:\/\/xn--rr-fkab.nu\/en\/wp-json\/wp\/v2\/pages\/5222","targetHints":{"allow":["GET"]}}],"collection":[{"href":"https:\/\/xn--rr-fkab.nu\/en\/wp-json\/wp\/v2\/pages"}],"about":[{"href":"https:\/\/xn--rr-fkab.nu\/en\/wp-json\/wp\/v2\/types\/page"}],"author":[{"embeddable":true,"href":"https:\/\/xn--rr-fkab.nu\/en\/wp-json\/wp\/v2\/users\/1"}],"replies":[{"embeddable":true,"href":"https:\/\/xn--rr-fkab.nu\/en\/wp-json\/wp\/v2\/comments?post=5222"}],"version-history":[{"count":5,"href":"https:\/\/xn--rr-fkab.nu\/en\/wp-json\/wp\/v2\/pages\/5222\/revisions"}],"predecessor-version":[{"id":6259,"href":"https:\/\/xn--rr-fkab.nu\/en\/wp-json\/wp\/v2\/pages\/5222\/revisions\/6259"}],"wp:featuredmedia":[{"embeddable":true,"href":"https:\/\/xn--rr-fkab.nu\/en\/wp-json\/wp\/v2\/media\/6239"}],"wp:attachment":[{"href":"https:\/\/xn--rr-fkab.nu\/en\/wp-json\/wp\/v2\/media?parent=5222"}],"wp:term":[{"taxonomy":"author","embeddable":true,"href":"https:\/\/xn--rr-fkab.nu\/en\/wp-json\/wp\/v2\/coauthors?post=5222"}],"curies":[{"name":"wp","href":"https:\/\/api.w.org\/{rel}","templated":true}]}}