{"id":6917,"date":"2026-03-08T15:33:39","date_gmt":"2026-03-08T14:33:39","guid":{"rendered":"https:\/\/xn--rr-fkab.nu\/food-and-drink\/"},"modified":"2026-03-27T09:57:54","modified_gmt":"2026-03-27T08:57:54","slug":"food-and-drink","status":"publish","type":"page","link":"https:\/\/xn--rr-fkab.nu\/en\/food-and-drink\/","title":{"rendered":"Food and drink"},"content":{"rendered":"\n<div class=\"wp-block-media-text has-media-on-the-right is-stacked-on-mobile has-totalwhite-background-color has-background\"><div class=\"wp-block-media-text__content\"><div class=\"wp-block-safe-svg-svg-icon safe-svg-cover\" style=\"text-align: left;\">\n\t\t\t\t<div class=\"safe-svg-inside safe-svg-inline\" style=\"width: 60px; height: 60px; background-color: var(--wp--preset--color--); color: var(--wp--preset--color--); padding-top: ; padding-right: ; padding-bottom: ; padding-left: ; margin-top: ; margin-right: ; margin-bottom: ; margin-left: ;\"><?xml version=\"1.0\" encoding=\"UTF-8\"?> <svg xmlns=\"http:\/\/www.w3.org\/2000\/svg\" width=\"60\" height=\"60\" viewBox=\"0 0 60 60\" fill=\"none\"><g clip-path=\"url(#clip0_3470_33991)\"><path d=\"M30.4194 32.2911L30.2441 32.2305L30.3789 32.345L30.4194 32.2911Z\" fill=\"#1F2126\"><\/path><path d=\"M52.9754 16.4385C49.4977 22.3492 45.6494 27.9769 40.5474 32.5801C40.2711 32.8025 40.4194 32.3509 40.1363 32.2161C39.4489 31.8791 38.3233 31.8859 37.6022 31.8117C37.2787 31.7982 36.9889 31.8993 36.753 32.1352C36.079 32.8766 35.8162 33.4764 35.0411 34.2313C34.448 34.8176 34.5761 35.0131 35.277 35.3433C37.5887 37.19 40.6216 38.5312 43.0815 40.2565C45.4944 41.9482 47.1928 43.8016 49.154 46.0527C49.4977 46.4503 49.8482 46.8614 49.983 47.3669C50.1582 48.0341 49.9156 48.7418 49.6797 49.3888C49.464 49.9819 49.2349 50.5952 48.7901 51.04C48.1161 51.714 47.0512 51.869 46.1211 51.6533C45.1911 51.4309 44.3756 50.8918 43.6207 50.3122C40.4868 47.9263 37.9931 44.8395 34.9333 42.3661C34.1784 41.7595 31.6578 39.3939 30.8153 39.3332C29.3056 39.2321 28.6923 42.0763 28.0049 43.1546C26.4278 45.6146 24.4463 47.8589 22.2357 49.773C21.4741 50.4402 20.2677 51.4107 19.5668 51.9836C19.1961 52.2801 19.7083 51.4916 19.4792 51.6129C19.1489 51.8488 18.8389 52.1723 18.5019 52.4284C16.9451 53.7696 14.6603 54.5784 12.7934 53.5068C11.7218 52.9271 11.8566 52.3071 11.897 51.2018C11.7757 49.7595 13.245 48.7148 13.9661 47.9128C16.7361 44.9137 20.1262 41.463 22.7951 38.2683C23.678 37.1361 25.0125 36.1993 25.8145 35.0805C25.8414 34.9052 25.6393 34.7368 25.336 34.4739C22.9569 32.4318 20.6115 29.9853 17.4101 29.4191C14.3301 29.5 12.1262 28.2464 9.99645 26.0965C7.69148 23.7645 5.34607 22.8614 3.71507 19.7342C3.61397 19.4309 3.93748 19.5388 3.71507 19.2153C3.5668 18.9996 3.31069 18.73 3.10176 18.5076C2.83217 18.1976 2.40757 17.8606 2.1582 17.4966C1.88862 17.0451 3.84986 17.2473 4.06553 17.254C7.30058 17.9482 9.86166 20.4014 12.9417 21.4259C12.726 21.1428 12.0521 20.853 11.7622 20.5228C11.0681 19.7949 10.4008 18.8513 9.55837 18.2582C8.21044 17.0249 6.76141 15.6769 5.66958 14.7199C5.39999 14.4638 5.17084 14.1807 5.07649 13.7966C4.76646 12.4958 5.97286 11.404 7.15905 11.9499C9.62577 13.2439 11.9712 14.8817 13.9189 16.9238C14.3098 17.2001 14.6738 17.1057 14.9973 17.3753C15.186 17.5236 15.3612 17.7865 15.5634 17.9819C16.2104 18.5817 15.9206 18.0156 15.6106 17.6651C14.8423 16.6879 10.2121 10.7907 9.56511 9.96168C8.99224 9.40229 8.82375 7.84543 9.8684 7.67019C11.0815 7.78477 12.2071 8.8092 13.2719 9.35511C15.4017 10.4604 17.9291 12.3812 19.6881 13.9718C20.598 14.794 20.4295 15.1647 20.9754 16.1689C21.582 17.2945 22.5525 17.9078 23.4219 18.8176C25.0664 20.5295 25.1068 22.848 24.5339 25.0114C24.3655 25.6314 24.4531 26.3593 24.9451 26.8244C25.8414 28.0712 26.8052 28.7115 28.0386 29.7966C28.7732 30.3492 29.9729 31.6163 30.6199 31.8993C30.876 31.8859 30.8221 31.4478 30.9232 31.158C31.1321 30.6929 32.0487 30.1605 32.4531 29.7561C32.7496 29.4798 32.7766 29.3046 33.0192 28.9541C37.2248 24.2229 41.1742 19.2153 45.9864 15.0771C47.6848 13.6887 49.0259 11.6736 50.7985 10.3728C51.9442 9.46295 52.753 9.04509 53.6898 7.91956C54.4244 7.02992 55.7589 5.38544 57.1001 6.26834C59.8634 8.08131 54.1211 14.6525 53.0091 16.3913L52.9687 16.4587L52.9754 16.4385Z\" fill=\"#1F2126\"><\/path><\/g><defs><clipPath id=\"clip0_3470_33991\"><rect width=\"55.6967\" height=\"48\" fill=\"white\" transform=\"translate(2.15234 6)\"><\/rect><\/clipPath><\/defs><\/svg> <\/div>\n\t\t\t<\/div>\n\n\n<p>Here we gather the island&#8217;s culinary experiences \u2013 caf\u00e9s, restaurants and farm shops where local ingredients and traditions meet personal culinary delight. You can sample locally produced food, enjoy a delicious meal with a view or stop for a coffee break during your day&#8217;s excursions. Perfect for both spontaneous stops and planned meals.  <\/p>\n<\/div><figure class=\"wp-block-media-text__media\"><img loading=\"lazy\" decoding=\"async\" width=\"706\" height=\"958\" src=\"https:\/\/xn--rr-fkab.nu\/wp-content\/uploads\/2025\/08\/Skarmavbild-2025-11-24-kl.-22.18.30.png\" alt=\"\" class=\"wp-image-3735 size-full\" srcset=\"https:\/\/xn--rr-fkab.nu\/wp-content\/uploads\/2025\/08\/Skarmavbild-2025-11-24-kl.-22.18.30.png 706w, https:\/\/xn--rr-fkab.nu\/wp-content\/uploads\/2025\/08\/Skarmavbild-2025-11-24-kl.-22.18.30-221x300.png 221w\" sizes=\"auto, (max-width: 706px) 100vw, 706px\" \/><\/figure><\/div>\n\n<div class=\"wp-block-roro-custom-feed has-white-background-color has-images wp-block-roro-custom-feed\" id=\"custom-feed-69ece669c9cec\">\n\n    \n    <div class=\"feed grid items-start sm:grid-cols-2 lg:grid-cols-3 gap-4\">\n        \n<article id=\"post-5806\" class=\"grid gap-4 bg-white post-5806 verksamhet type-verksamhet status-publish has-post-thumbnail hentry category-food-drink category-sales category-store tag-restaurant tag-fish-shop tag-food-drink\">\n\t<header class=\"entry-header\">\n\t\t\t\t\t<div class=\"post-thumbnail relative\">\n\t\t\t\t\t\t\t\t\t<img decoding=\"async\" src=\"https:\/\/xn--rr-fkab.nu\/wp-content\/uploads\/2025\/11\/krog1000x700-768x538.jpg\">\n\t\t\t\t\t\t\t\t<ul class=\"tags flex flex-wrap justify-end max-w-full lg:max-w-2\/3 absolute right-0 bottom-0 gap-1 gap-y-2 p-2\"><li class=\"inline-flex bold text-xs\"><a href=\"https:\/\/xn--rr-fkab.nu\/en\/tag\/restaurant\/\" rel=\"tag\">Restaurant<\/a><\/li><li class=\"inline-flex bold text-xs\"><a href=\"https:\/\/xn--rr-fkab.nu\/en\/tag\/fish-shop\/\" rel=\"tag\">Fish shop<\/a><\/li><li class=\"inline-flex bold text-xs\"><a href=\"https:\/\/xn--rr-fkab.nu\/en\/tag\/food-drink\/\" rel=\"tag\">Food &amp; Drink<\/a><\/li><\/ul>\t\t\t\t\t<\/div>\n\n\t\t\t\t\t<h2 class=\"entry-title p-4 pb-0\">R\u00f6r\u00f6 Fiskeboa och Krog<\/h2>\t<\/header><!-- .entry-header -->\n\n\t<div class=\"entry-content-wrap grid gap-4 px-4\">\n\t\t<p>Welcome to R\u00f6r\u00f6 Fiskeboa &amp; Krog \u2014 your harborside restaurant and fish shop in the heart of R\u00f6r\u00f6. Here you\u2019ll find freshly boiled crayfish, shrimp, and fresh fish straight from the waters of the west coast. For those who want to cook for themselves in the cabin or on an outing, we offer delicacies, our popular \u201cR\u00f6r\u00f6 Mix,\u201d and tasty items to take with you.   <\/p>\n\t\t<a href=\"https:\/\/xn--rr-fkab.nu\/en\/organisation\/roro-fiskeboa-och-krog\/\" class=\"btn mb-6 w-fit\" rel=\"bookmark\">more<\/a>\n\n\t\t\t<\/div><!-- .entry-content -->\n\t<!--<footer class=\"entry-footer px-4\">\n\t\t\t<\/footer><!-- .entry-footer -->\n<\/article><!-- #post-5806 -->\n\n<article id=\"post-4625\" class=\"grid gap-4 bg-white post-4625 plats type-plats status-publish has-post-thumbnail hentry tag-social-function tag-strandkassan tag-harbour\">\n\t<header class=\"entry-header\">\n\t\t\t\t\t<div class=\"post-thumbnail relative\">\n\t\t\t\t\t\t\t\t\t<img decoding=\"async\" src=\"https:\/\/xn--rr-fkab.nu\/wp-content\/uploads\/2025\/10\/DSCF0426-768x512.jpg\">\n\t\t\t\t\t\t\t\t<ul class=\"tags flex flex-wrap justify-end max-w-full lg:max-w-2\/3 absolute right-0 bottom-0 gap-1 gap-y-2 p-2\"><li class=\"inline-flex bold text-xs\"><a href=\"https:\/\/xn--rr-fkab.nu\/en\/tag\/social-function\/\" rel=\"tag\">Social function<\/a><\/li><li class=\"inline-flex bold text-xs\"><a href=\"https:\/\/xn--rr-fkab.nu\/en\/tag\/strandkassan\/\" rel=\"tag\">Supermarket<\/a><\/li><li class=\"inline-flex bold text-xs\"><a href=\"https:\/\/xn--rr-fkab.nu\/en\/tag\/harbour\/\" rel=\"tag\">Harbour<\/a><\/li><\/ul>\t\t\t\t\t<\/div>\n\n\t\t\t\t\t<h2 class=\"entry-title p-4 pb-0\">Ica strandkassan<\/h2>\t<\/header><!-- .entry-header -->\n\n\t<div class=\"entry-content-wrap grid gap-4 px-4\">\n\t\t<p>ICA Strandkassan is located in the harbour, next to the ferry terminal and guest harbour on R\u00f6r\u00f6. <\/p>\n\t\t<a href=\"https:\/\/xn--rr-fkab.nu\/en\/location\/the-store\/\" class=\"btn mb-6 w-fit\" rel=\"bookmark\">more<\/a>\n\n\t\t\t<\/div><!-- .entry-content -->\n\t<!--<footer class=\"entry-footer px-4\">\n\t\t\t<\/footer><!-- .entry-footer -->\n<\/article><!-- #post-4625 -->\n\n<article id=\"post-4915\" class=\"grid gap-4 bg-white post-4915 verksamhet type-verksamhet status-publish has-post-thumbnail hentry category-food-drink tag-ice-cream tag-cafe tag-food-drink tag-child-friendly\">\n\t<header class=\"entry-header\">\n\t\t\t\t\t<div class=\"post-thumbnail relative\">\n\t\t\t\t\t\t\t\t\t<img decoding=\"async\" src=\"https:\/\/xn--rr-fkab.nu\/wp-content\/uploads\/2025\/08\/RORO-240628-92_43-768x576.jpg\">\n\t\t\t\t\t\t\t\t<ul class=\"tags flex flex-wrap justify-end max-w-full lg:max-w-2\/3 absolute right-0 bottom-0 gap-1 gap-y-2 p-2\"><li class=\"inline-flex bold text-xs\"><a href=\"https:\/\/xn--rr-fkab.nu\/en\/tag\/ice-cream\/\" rel=\"tag\">Ice cream<\/a><\/li><li class=\"inline-flex bold text-xs\"><a href=\"https:\/\/xn--rr-fkab.nu\/en\/tag\/cafe\/\" rel=\"tag\">Caf\u00e9<\/a><\/li><li class=\"inline-flex bold text-xs\"><a href=\"https:\/\/xn--rr-fkab.nu\/en\/tag\/food-drink\/\" rel=\"tag\">Food &amp; Drink<\/a><\/li><li class=\"inline-flex bold text-xs\"><a href=\"https:\/\/xn--rr-fkab.nu\/en\/tag\/child-friendly\/\" rel=\"tag\">Child-friendly<\/a><\/li><\/ul>\t\t\t\t\t<\/div>\n\n\t\t\t\t\t<h2 class=\"entry-title p-4 pb-0\">R\u00f6r\u00f6boa<\/h2>\t<\/header><!-- .entry-header -->\n\n\t<div class=\"entry-content-wrap grid gap-4 px-4\">\n\t\t<p>Welcome to R\u00f6r\u00f6boa \u2013 the heart of R\u00f6r\u00f6 harbour. Here you will find good food, handmade gelato and that special archipelago feeling that only R\u00f6r\u00f6 can offer. <\/p>\n\t\t<a href=\"https:\/\/xn--rr-fkab.nu\/en\/organisation\/roroboa\/\" class=\"btn mb-6 w-fit\" rel=\"bookmark\">more<\/a>\n\n\t\t\t<\/div><!-- .entry-content -->\n\t<!--<footer class=\"entry-footer px-4\">\n\t\t\t<\/footer><!-- .entry-footer -->\n<\/article><!-- #post-4915 -->\n    <\/div>\n<\/div>\n\n","protected":false},"excerpt":{"rendered":"","protected":false},"author":3,"featured_media":0,"parent":0,"menu_order":0,"comment_status":"closed","ping_status":"closed","template":"","meta":{"_acf_changed":false,"footnotes":""},"coauthors":[69],"class_list":["post-6917","page","type-page","status-publish","hentry"],"acf":[],"_links":{"self":[{"href":"https:\/\/xn--rr-fkab.nu\/en\/wp-json\/wp\/v2\/pages\/6917","targetHints":{"allow":["GET"]}}],"collection":[{"href":"https:\/\/xn--rr-fkab.nu\/en\/wp-json\/wp\/v2\/pages"}],"about":[{"href":"https:\/\/xn--rr-fkab.nu\/en\/wp-json\/wp\/v2\/types\/page"}],"author":[{"embeddable":true,"href":"https:\/\/xn--rr-fkab.nu\/en\/wp-json\/wp\/v2\/users\/3"}],"replies":[{"embeddable":true,"href":"https:\/\/xn--rr-fkab.nu\/en\/wp-json\/wp\/v2\/comments?post=6917"}],"version-history":[{"count":1,"href":"https:\/\/xn--rr-fkab.nu\/en\/wp-json\/wp\/v2\/pages\/6917\/revisions"}],"predecessor-version":[{"id":6918,"href":"https:\/\/xn--rr-fkab.nu\/en\/wp-json\/wp\/v2\/pages\/6917\/revisions\/6918"}],"wp:attachment":[{"href":"https:\/\/xn--rr-fkab.nu\/en\/wp-json\/wp\/v2\/media?parent=6917"}],"wp:term":[{"taxonomy":"author","embeddable":true,"href":"https:\/\/xn--rr-fkab.nu\/en\/wp-json\/wp\/v2\/coauthors?post=6917"}],"curies":[{"name":"wp","href":"https:\/\/api.w.org\/{rel}","templated":true}]}}